{"id":551,"date":"2023-07-04T11:05:46","date_gmt":"2023-07-04T10:05:46","guid":{"rendered":"https:\/\/toldosgaudi.com\/politica-de-privacidad\/"},"modified":"2023-07-04T11:05:47","modified_gmt":"2023-07-04T10:05:47","slug":"politica-de-privacidad","status":"publish","type":"page","link":"https:\/\/toldosgaudi.com\/es\/politica-de-privacidad\/","title":{"rendered":"Pol\u00edtica de Privacidad"},"content":{"rendered":"\t\t<div data-elementor-type=\"wp-page\" data-elementor-id=\"551\" class=\"elementor elementor-551\" data-elementor-post-type=\"page\">\n\t\t\t\t\t\t<section class=\"elementor-section elementor-top-section elementor-element elementor-element-4a845117 elementor-section-boxed elementor-section-height-default elementor-section-height-default\" data-id=\"4a845117\" data-element_type=\"section\" data-e-type=\"section\">\n\t\t\t\t\t\t<div class=\"elementor-container elementor-column-gap-default\">\n\t\t\t\t\t<div class=\"elementor-column elementor-col-100 elementor-top-column elementor-element elementor-element-37e3f049\" data-id=\"37e3f049\" data-element_type=\"column\" data-e-type=\"column\">\n\t\t\t<div class=\"elementor-widget-wrap elementor-element-populated\">\n\t\t\t\t\t\t<div class=\"elementor-element elementor-element-41b023dc elementor-widget elementor-widget-heading\" data-id=\"41b023dc\" data-element_type=\"widget\" data-e-type=\"widget\" data-widget_type=\"heading.default\">\n\t\t\t\t<div class=\"elementor-widget-container\">\n\t\t\t\t\t<h1 class=\"elementor-heading-title elementor-size-default\">Pol\u00edtica de Privacidad<\/h1>\t\t\t\t<\/div>\n\t\t\t\t<\/div>\n\t\t\t\t<div class=\"elementor-element elementor-element-15a83592 elementor-widget elementor-widget-text-editor\" data-id=\"15a83592\" data-element_type=\"widget\" data-e-type=\"widget\" data-widget_type=\"text-editor.default\">\n\t\t\t\t<div class=\"elementor-widget-container\">\n\t\t\t\t\t\t\t\t\t<p>En cumplimiento del Reglamento (UE) 2016\/679 del Parlamento Europeo y del Consejo, de 27 de abril de\u00a0 2016, relativo a la protecci\u00f3n de las personas f\u00edsicas en lo que respecta al tratamiento de datos personales,\u00a0 por el que se deroga la directiva 95\/46\/CE (en adelante, RGPD), de la Ley 34\/2002, de 11 de julio, de\u00a0 servicios de la sociedad de la informaci\u00f3n y de comercio electr\u00f3nico (en adelante, LSSI-CE) y de la Ley Org\u00e1nica 3\/2018, de Protecci\u00f3n de Datos Personales y garant\u00eda de los derechos digitales de <strong>Tendals Barcelona<\/strong>\u00a0(en adelante, EL PROPIETARIO DE LA WEB) garantiza la protecci\u00f3n y confidencialidad de los datos personales, de cualquier tipo que nos\u00a0 proporcionen nuestros clientes, de acuerdo con lo dispuesto en el Reglamento General de Protecci\u00f3n de\u00a0 Datos de Car\u00e1cter Personal.\u00a0<\/p>\n<p>La Pol\u00edtica de Protecci\u00f3n de Datos de EL PROPIETARIO DE LA WEB descansa en el principio de responsabilidad proactiva, seg\u00fan el cual el responsable del tratamiento es responsable del cumplimiento del marco normativo y jurisprudencial, siendo capaz de demostrarlo ante las autoridades de control correspondientes.\u00a0<\/p>\n<p>Los datos facilitados ser\u00e1n tratados en los t\u00e9rminos establecidos en el RGPD, en este sentido EL PROPIETARIO DE LA WEB ha adoptado los niveles de protecci\u00f3n que legalmente se exigen, y ha instalado todas las medidas t\u00e9cnicas a su alcance para evitar la p\u00e9rdida, mal uso, alteraci\u00f3n, acceso no autorizado por terceros, expuestos a continuaci\u00f3n. No obstante, el usuario debe ser consciente de que las medidas de seguridad en\u00a0Internet no son inexpugnables.\u00a0<\/p>\n<p><strong>Responsable del tratamiento: \u00bfQui\u00e9nes somos?\u00a0<\/strong><\/p>\n<p><b>1.- DATOS DEL RESPONSABLE TITULAR DEL SITIO WEB\u00a0<\/b><\/p>\n<p>Identidad Responsable: Toldos Barcelona Tendals S.L<\/p>\n<p>Domicilio social: Paseo sant joan, 86 &#8211; BJ, Barcelona, 08009 , Barcelona<\/p>\n<p>C.I.F.: B64563273<\/p>\n<p>Tel\u00e9fono de contacto: <br \/>932 073 472<\/p>\n<p>Correo electr\u00f3nico: info@tendalsbarcelona.cat<\/p>\n<p><strong>Finalidad del tratamiento: \u00bfPara qu\u00e9 usaremos sus datos?\u00a0\u00a0<\/strong><\/p>\n<p>Todos los datos facilitados por nuestros clientes y\/o visitantes en la web de EL PROPIETARIO DE LA WEB o a su personal, ser\u00e1n incluidos en registro de actividades de tratamiento de datos de car\u00e1cter personal, creado y mantenido bajo la responsabilidad de EL PROPIETARIO DE LA WEB, imprescindibles para prestar los servicios solicitados por los usuarios, o para resolver las dudas o cuestiones planteadas por nuestros visitantes.\u00a0 Nuestra pol\u00edtica es no elaborar perfiles sobre los usuarios de nuestros servicios.<\/p>\n<p><strong>Legitimidad del tratamiento: \u00bfPor qu\u00e9 necesitamos sus datos?\u00a0<\/strong><\/p>\n<ol>\n<li>a) Relaci\u00f3n contractual: Es la que aplica cuando compra uno de nuestros productos o contrata alguno de nuestros servicios.\u00a0<\/li>\n<li>b) Inter\u00e9s leg\u00edtimo: Para atender a las consultas y reclamaciones que nos plantee y para gestionar el cobro de las cantidades adeudadas.\u00a0\u00a0<\/li>\n<li>c) Su consentimiento: Si es usuario de nuestra web, mediante la marcaci\u00f3n de la casilla que figura en el formulario de contacto, nos autoriza a que le remitamos las comunicaciones necesarias para dar respuesta a la consulta o solicitud de informaci\u00f3n planteada.\u00a0<\/li>\n<\/ol>\n<p><strong>Destinatarios: \u00bfCon qui\u00e9n compartimos sus datos?\u00a0<\/strong><\/p>\n<p>No cedemos sus datos personales a nadie, a excepci\u00f3n de aquellas entidades p\u00fablicas o privadas a las cuales estemos obligados a facilitar sus datos personales con motivo del cumplimiento de alguna ley. Por poner un ejemplo, la Ley Tributaria obliga a facilitar a la Agencia Tributaria determinada informaci\u00f3n sobre operaciones econ\u00f3micas que superen una determinada cantidad.\u00a0<\/p>\n<p>En el caso de que, al margen de los supuestos comentados, necesitemos dar a conocer su informaci\u00f3n personal a otras entidades, le solicitaremos previamente su permiso a trav\u00e9s de opciones claras que le permitir\u00e1n decidir a este respecto.\u00a0<\/p>\n<p><strong>Comunicaci\u00f3n: \u00bfD\u00f3nde podr\u00edamos enviar sus datos?\u00a0<\/strong><\/p>\n<p>No realizaremos transferencias internacionales de sus datos personales para ninguna de las finalidades indicadas.\u00a0<\/p>\n<p><strong>Conservaci\u00f3n: \u00bfCu\u00e1nto tiempo mantendremos sus datos?\u00a0<\/strong><\/p>\n<p>Solo conservaremos sus datos personales durante el tiempo que resulte necesario para lograr los fines para los que fueron recabados. A la hora de determinar el oportuno periodo de conservaci\u00f3n, examinamos los riesgos que conlleva el tratamiento, as\u00ed como nuestras obligaciones contractuales, legales y normativas, las pol\u00edticas internas de conservaci\u00f3n de datos y nuestros intereses de negocio leg\u00edtimos descritos en el presente Aviso de Privacidad y Pol\u00edtica de Cookies.\u00a0<\/p>\n<p>En este sentido, EL PROPIETARIO DE LA WEB conservar\u00e1 los datos personales una vez terminada su relaci\u00f3n con Ud., debidamente bloqueados, durante el plazo de prescripci\u00f3n de las acciones que pudieran derivarse de la relaci\u00f3n mantenida con el interesado.\u00a0<\/p>\n<p>Una vez bloqueados, sus datos resultar\u00e1n inaccesibles para EL PROPIETARIO DE LA WEB, y no ser\u00e1n tratados excepto para su puesta a disposici\u00f3n a las Administraciones p\u00fablicas, Jueces y Tribunales, para la atenci\u00f3n de las posibles responsabilidades nacidas de los tratamientos, as\u00ed como para el ejercicio y defensa de\u00a0 reclamaciones ante la Agencia Espa\u00f1ola de Protecci\u00f3n de Datos.\u00a0<\/p>\n<p><strong>Seguridad: \u00bfC\u00f3mo vamos a proteger sus datos?\u00a0<\/strong><\/p>\n<p>Empleamos todos los esfuerzos razonables para mantener la confidencialidad de la informaci\u00f3n personal que se trate en nuestros sistemas. Mantenemos estrictos niveles de seguridad para proteger los datos de car\u00e1cter personal que procesamos frente a p\u00e9rdidas fortuitas y a accesos, tratamientos o revelaciones no autorizados, habida cuenta del estado de la tecnolog\u00eda, la naturaleza y los riesgos a que est\u00e1n expuestos los datos. No obstante, no podemos responsabilizarnos del uso que Ud. haga de los datos (incluido usuario y contrase\u00f1a) que utilice en nuestra web. Nuestro personal sigue estrictas normas de privacidad y en el caso de que contratemos a terceros para prestar servicios de soporte, les exigimos que acaten las mismas normas y nos permitan auditarles para verificar su cumplimiento.<\/p>\n<p><strong>Sus derechos: \u00bfQu\u00e9 derechos puede ejercer como interesado?\u00a0<\/strong><\/p>\n<p>Le informamos que podr\u00e1 ejercer los siguientes derechos:\u00a0<\/p>\n<ol>\n<li>a)\u00a0Derecho de acceso\u00a0a sus datos personales, para saber cu\u00e1les est\u00e1n siendo objeto de tratamiento y las operaciones de tratamiento llevadas a cabo con ellos;\u00a0<\/li>\n<li>b)\u00a0Derecho de rectificaci\u00f3n\u00a0de cualquier dato personal inexacto;\u00a0<\/li>\n<li>c)\u00a0Derecho de supresi\u00f3n\u00a0de sus datos personales, cuando esto sea posible (por ejemplo, por imperativo legal);\u00a0<\/li>\n<li>d)\u00a0Derecho de limitaci\u00f3n\u00a0del tratamiento de sus datos personales cuando la exactitud, la legalidad o la necesidad del tratamiento de los datos resulte dudosa, en cuyo caso, podremos conservarlos para el ejercicio o la defensa de reclamaciones.\u00a0<\/li>\n<li>e)\u00a0Derecho de oposici\u00f3n\u00a0al tratamiento de sus datos personales, cuando la base legal que nos habilite para su tratamiento de las indicadas sea nuestro inter\u00e9s leg\u00edtimo. EL PROPIETARIO DE LA WEB dejar\u00e1 de tratar tus datos salvo que tenga un inter\u00e9s leg\u00edtimo o sea necesario para la defensa de reclamaciones.\u00a0<\/li>\n<li>f)\u00a0Derecho a la portabilidad\u00a0de sus datos, cuando la base legal que nos habilite para su tratamiento sea la existencia de una relaci\u00f3n contractual o su consentimiento.\u00a0<\/li>\n<li>g)\u00a0Derecho a revocar el consentimiento\u00a0otorgado a EL PROPIETARIO DE LA WEB<\/li>\n<\/ol>\n<p>Para ejercitar sus derechos, puede hacerlo de manera gratuita y en cualquier momento, contactando con nosotros en la direcci\u00f3n C\/ Brescia, 7 \u2013 2\u00ba B, 28028, Madrid, adjuntando copia de su DNI.\u00a0<\/p>\n<p><strong>Tutela de derechos: \u00bfD\u00f3nde puede formular una reclamaci\u00f3n?\u00a0<\/strong><\/p>\n<p>En caso de que entienda que sus derechos han sido desatendidos por nuestra entidad, puede formular una reclamaci\u00f3n en la Agencia Espa\u00f1ola de Protecci\u00f3n de Datos, a trav\u00e9s de alguno de los medios siguientes:\u00a0<\/p>\n<p>\u2013 Sede electr\u00f3nica:\u00a0https:\/\/www.aepd.es\u00a0<\/p>\n<p>\u2013 Correo postal: Agencia Espa\u00f1ola de Protecci\u00f3n de Datos, C\/ Jorge Juan, 6, 28001, Madrid.<\/p>\n<p>\u2013 Tel\u00e9fono: 901 100 099 y 912 663 517\u00a0<\/p>\n<p>Formular una reclamaci\u00f3n en la Agencia Espa\u00f1ola de Protecci\u00f3n de Datos no conlleva ning\u00fan coste y no es necesaria la asistencia de abogado ni procurador.\u00a0<\/p>\n<p><strong>Actualizaciones: \u00bfQu\u00e9 cambios puede haber en esta Pol\u00edtica de Privacidad?\u00a0<\/strong><\/p>\n<p>EL PROPIETARIO DE LA WEB se reserva el derecho a modificar la presente pol\u00edtica para adaptarla a novedades legislativas o jurisprudenciales que puedan afectar el cumplimiento de esta.<\/p>\n\t\t\t\t\t\t\t\t<\/div>\n\t\t\t\t<\/div>\n\t\t\t\t\t<\/div>\n\t\t<\/div>\n\t\t\t\t\t<\/div>\n\t\t<\/section>\n\t\t\t\t<\/div>\n\t\t","protected":false},"excerpt":{"rendered":"<p>Pol\u00edtica de Privacidad En cumplimiento del Reglamento (UE) 2016\/679 del Parlamento Europeo y del Consejo, de 27 de abril de\u00a0 2016, relativo a la protecci\u00f3n de las personas f\u00edsicas en lo que respecta al tratamiento de datos personales,\u00a0 por el que se deroga la directiva 95\/46\/CE (en adelante, RGPD), de la Ley 34\/2002, de 11 &hellip;<\/p>\n<p class=\"read-more\"> <a class=\"\" href=\"https:\/\/toldosgaudi.com\/es\/politica-de-privacidad\/\"> <span class=\"screen-reader-text\">Pol\u00edtica de Privacidad<\/span> Leer m\u00e1s &raquo;<\/a><\/p>\n","protected":false},"author":2,"featured_media":0,"parent":0,"menu_order":0,"comment_status":"closed","ping_status":"closed","template":"","meta":{"site-sidebar-layout":"no-sidebar","site-content-layout":"page-builder","ast-site-content-layout":"","site-content-style":"default","site-sidebar-style":"default","ast-global-header-display":"","ast-banner-title-visibility":"","ast-main-header-display":"","ast-hfb-above-header-display":"","ast-hfb-below-header-display":"","ast-hfb-mobile-header-display":"","site-post-title":"disabled","ast-breadcrumbs-content":"","ast-featured-img":"disabled","footer-sml-layout":"","theme-transparent-header-meta":"default","adv-header-id-meta":"","stick-header-meta":"","header-above-stick-meta":"","header-main-stick-meta":"","header-below-stick-meta":"","astra-migrate-meta-layouts":"","_joinchat":[],"footnotes":""},"class_list":["post-551","page","type-page","status-publish","hentry"],"yoast_head":"<!-- This site is optimized with the Yoast SEO plugin v27.2 - https:\/\/yoast.com\/product\/yoast-seo-wordpress\/ -->\n<title>Pol\u00edtica de Privacidad - Toldos Gaudi<\/title>\n<meta name=\"robots\" content=\"index, follow, max-snippet:-1, max-image-preview:large, max-video-preview:-1\" \/>\n<link rel=\"canonical\" href=\"https:\/\/toldosgaudi.com\/politica-de-privacidad\/\" \/>\n<meta property=\"og:locale\" content=\"es_ES\" \/>\n<meta property=\"og:type\" content=\"article\" \/>\n<meta property=\"og:title\" content=\"Pol\u00edtica de Privacidad - Toldos Gaudi\" \/>\n<meta property=\"og:description\" content=\"Pol\u00edtica de Privacidad En cumplimiento del Reglamento (UE) 2016\/679 del Parlamento Europeo y del Consejo, de 27 de abril de\u00a0 2016, relativo a la protecci\u00f3n de las personas f\u00edsicas en lo que respecta al tratamiento de datos personales,\u00a0 por el que se deroga la directiva 95\/46\/CE (en adelante, RGPD), de la Ley 34\/2002, de 11 &hellip; Pol\u00edtica de Privacidad Leer m\u00e1s &raquo;\" \/>\n<meta property=\"og:url\" content=\"https:\/\/toldosgaudi.com\/politica-de-privacidad\/\" \/>\n<meta property=\"og:site_name\" content=\"Toldos Gaudi\" \/>\n<meta property=\"article:modified_time\" content=\"2023-07-04T10:05:47+00:00\" \/>\n<meta name=\"twitter:card\" content=\"summary_large_image\" \/>\n<meta name=\"twitter:label1\" content=\"Tiempo de lectura\" \/>\n\t<meta name=\"twitter:data1\" content=\"7 minutos\" \/>\n<script type=\"application\/ld+json\" class=\"yoast-schema-graph\">{\"@context\":\"https:\/\/schema.org\",\"@graph\":[{\"@type\":\"WebPage\",\"@id\":\"https:\/\/toldosgaudi.com\/politica-de-privacidad\/\",\"url\":\"https:\/\/toldosgaudi.com\/politica-de-privacidad\/\",\"name\":\"Pol\u00edtica de Privacidad - Toldos Gaudi\",\"isPartOf\":{\"@id\":\"https:\/\/toldosgaudi.com\/#website\"},\"datePublished\":\"2023-07-04T10:05:46+00:00\",\"dateModified\":\"2023-07-04T10:05:47+00:00\",\"breadcrumb\":{\"@id\":\"https:\/\/toldosgaudi.com\/politica-de-privacidad\/#breadcrumb\"},\"inLanguage\":\"es\",\"potentialAction\":[{\"@type\":\"ReadAction\",\"target\":[\"https:\/\/toldosgaudi.com\/politica-de-privacidad\/\"]}]},{\"@type\":\"BreadcrumbList\",\"@id\":\"https:\/\/toldosgaudi.com\/politica-de-privacidad\/#breadcrumb\",\"itemListElement\":[{\"@type\":\"ListItem\",\"position\":1,\"name\":\"Inici\",\"item\":\"https:\/\/toldosgaudi.com\/\"},{\"@type\":\"ListItem\",\"position\":2,\"name\":\"Pol\u00edtica de Privacidad\"}]},{\"@type\":\"WebSite\",\"@id\":\"https:\/\/toldosgaudi.com\/#website\",\"url\":\"https:\/\/toldosgaudi.com\/\",\"name\":\"Toldos Gaudi\",\"description\":\"\",\"publisher\":{\"@id\":\"https:\/\/toldosgaudi.com\/#organization\"},\"potentialAction\":[{\"@type\":\"SearchAction\",\"target\":{\"@type\":\"EntryPoint\",\"urlTemplate\":\"https:\/\/toldosgaudi.com\/?s={search_term_string}\"},\"query-input\":{\"@type\":\"PropertyValueSpecification\",\"valueRequired\":true,\"valueName\":\"search_term_string\"}}],\"inLanguage\":\"es\"},{\"@type\":\"Organization\",\"@id\":\"https:\/\/toldosgaudi.com\/#organization\",\"name\":\"Toldos Gaudi\",\"url\":\"https:\/\/toldosgaudi.com\/\",\"logo\":{\"@type\":\"ImageObject\",\"inLanguage\":\"es\",\"@id\":\"https:\/\/toldosgaudi.com\/#\/schema\/logo\/image\/\",\"url\":\"https:\/\/toldosgaudi.com\/wp-content\/uploads\/2021\/12\/logo-toldosgaudi.png\",\"contentUrl\":\"https:\/\/toldosgaudi.com\/wp-content\/uploads\/2021\/12\/logo-toldosgaudi.png\",\"width\":692,\"height\":269,\"caption\":\"Toldos Gaudi\"},\"image\":{\"@id\":\"https:\/\/toldosgaudi.com\/#\/schema\/logo\/image\/\"}}]}<\/script>\n<!-- \/ Yoast SEO plugin. -->","yoast_head_json":{"title":"Pol\u00edtica de Privacidad - Toldos Gaudi","robots":{"index":"index","follow":"follow","max-snippet":"max-snippet:-1","max-image-preview":"max-image-preview:large","max-video-preview":"max-video-preview:-1"},"canonical":"https:\/\/toldosgaudi.com\/politica-de-privacidad\/","og_locale":"es_ES","og_type":"article","og_title":"Pol\u00edtica de Privacidad - Toldos Gaudi","og_description":"Pol\u00edtica de Privacidad En cumplimiento del Reglamento (UE) 2016\/679 del Parlamento Europeo y del Consejo, de 27 de abril de\u00a0 2016, relativo a la protecci\u00f3n de las personas f\u00edsicas en lo que respecta al tratamiento de datos personales,\u00a0 por el que se deroga la directiva 95\/46\/CE (en adelante, RGPD), de la Ley 34\/2002, de 11 &hellip; Pol\u00edtica de Privacidad Leer m\u00e1s &raquo;","og_url":"https:\/\/toldosgaudi.com\/politica-de-privacidad\/","og_site_name":"Toldos Gaudi","article_modified_time":"2023-07-04T10:05:47+00:00","twitter_card":"summary_large_image","twitter_misc":{"Tiempo de lectura":"7 minutos"},"schema":{"@context":"https:\/\/schema.org","@graph":[{"@type":"WebPage","@id":"https:\/\/toldosgaudi.com\/politica-de-privacidad\/","url":"https:\/\/toldosgaudi.com\/politica-de-privacidad\/","name":"Pol\u00edtica de Privacidad - Toldos Gaudi","isPartOf":{"@id":"https:\/\/toldosgaudi.com\/#website"},"datePublished":"2023-07-04T10:05:46+00:00","dateModified":"2023-07-04T10:05:47+00:00","breadcrumb":{"@id":"https:\/\/toldosgaudi.com\/politica-de-privacidad\/#breadcrumb"},"inLanguage":"es","potentialAction":[{"@type":"ReadAction","target":["https:\/\/toldosgaudi.com\/politica-de-privacidad\/"]}]},{"@type":"BreadcrumbList","@id":"https:\/\/toldosgaudi.com\/politica-de-privacidad\/#breadcrumb","itemListElement":[{"@type":"ListItem","position":1,"name":"Inici","item":"https:\/\/toldosgaudi.com\/"},{"@type":"ListItem","position":2,"name":"Pol\u00edtica de Privacidad"}]},{"@type":"WebSite","@id":"https:\/\/toldosgaudi.com\/#website","url":"https:\/\/toldosgaudi.com\/","name":"Toldos Gaudi","description":"","publisher":{"@id":"https:\/\/toldosgaudi.com\/#organization"},"potentialAction":[{"@type":"SearchAction","target":{"@type":"EntryPoint","urlTemplate":"https:\/\/toldosgaudi.com\/?s={search_term_string}"},"query-input":{"@type":"PropertyValueSpecification","valueRequired":true,"valueName":"search_term_string"}}],"inLanguage":"es"},{"@type":"Organization","@id":"https:\/\/toldosgaudi.com\/#organization","name":"Toldos Gaudi","url":"https:\/\/toldosgaudi.com\/","logo":{"@type":"ImageObject","inLanguage":"es","@id":"https:\/\/toldosgaudi.com\/#\/schema\/logo\/image\/","url":"https:\/\/toldosgaudi.com\/wp-content\/uploads\/2021\/12\/logo-toldosgaudi.png","contentUrl":"https:\/\/toldosgaudi.com\/wp-content\/uploads\/2021\/12\/logo-toldosgaudi.png","width":692,"height":269,"caption":"Toldos Gaudi"},"image":{"@id":"https:\/\/toldosgaudi.com\/#\/schema\/logo\/image\/"}}]}},"_links":{"self":[{"href":"https:\/\/toldosgaudi.com\/es\/wp-json\/wp\/v2\/pages\/551","targetHints":{"allow":["GET"]}}],"collection":[{"href":"https:\/\/toldosgaudi.com\/es\/wp-json\/wp\/v2\/pages"}],"about":[{"href":"https:\/\/toldosgaudi.com\/es\/wp-json\/wp\/v2\/types\/page"}],"author":[{"embeddable":true,"href":"https:\/\/toldosgaudi.com\/es\/wp-json\/wp\/v2\/users\/2"}],"replies":[{"embeddable":true,"href":"https:\/\/toldosgaudi.com\/es\/wp-json\/wp\/v2\/comments?post=551"}],"version-history":[{"count":1,"href":"https:\/\/toldosgaudi.com\/es\/wp-json\/wp\/v2\/pages\/551\/revisions"}],"predecessor-version":[{"id":552,"href":"https:\/\/toldosgaudi.com\/es\/wp-json\/wp\/v2\/pages\/551\/revisions\/552"}],"wp:attachment":[{"href":"https:\/\/toldosgaudi.com\/es\/wp-json\/wp\/v2\/media?parent=551"}],"curies":[{"name":"wp","href":"https:\/\/api.w.org\/{rel}","templated":true}]}}